{"id":2197,"date":"2014-10-15T13:15:32","date_gmt":"2014-10-15T11:15:32","guid":{"rendered":"https:\/\/etikprovningsmyndigheten.se\/startsida\/"},"modified":"2024-09-27T09:04:07","modified_gmt":"2024-09-27T08:04:07","slug":"main","status":"publish","type":"page","link":"https:\/\/etikprovningsmyndigheten.se\/en\/","title":{"rendered":"Main"},"content":{"rendered":"\n<h1>\n\t\tProtecting the individual <br \/>in research\n\t<\/h1>\n\t\t\t\t<img decoding=\"async\" src=\"https:\/\/etikprovningsmyndigheten.se\/wp-content\/uploads\/2018\/11\/start.png\" alt=\"Etikpr\u00f6vningsmyndigheten - vi v\u00e4rnar m\u00e4nniskan i forskning\" itemprop=\"image\" height=\"800\" width=\"1000\" title=\"Etikpr\u00f6vningsmyndigheten - vi v\u00e4rnar m\u00e4nniskan i forskning\" onerror=\"this.style.display='none'\"  \/>\n<h2>\n\t\tGuide to the ethical review of research on humans\n\t<\/h2>\n\t<p>Do you want to learn more about the ethical review in Sweden?<\/p>\n<p>This guide is the first of its kind since the law was established in 2004. It is intended to serve as a support in the planning of research projects and outlines noteworthy considerations for anyone assessing whether their research project needs to be ethically reviewed.<\/p>\n<p>It can also be read in its entirety by those unfamiliar with ethical review.<\/p>\n<p><a href=\"https:\/\/etikprovningsmyndigheten.se\/wp-content\/uploads\/2024\/05\/Guide-to-the-ethical-review_webb.pdf\" target=\"_blank\" rel=\"noopener\">Download the Guide to the ethical review (PDF)<\/a><\/p>\n\t\t\t\t<a href=\"https:\/\/etikprovningsmyndigheten.se\/wp-content\/uploads\/2024\/05\/Guide-to-the-ethical-review-webb.pdf\" target=\"_blank\" rel=\"noopener\" itemprop=\"url\">\n\t\t\t\t<img decoding=\"async\" src=\"https:\/\/etikprovningsmyndigheten.se\/wp-content\/uploads\/2024\/05\/guide.jpg\" alt=\"guide\" itemprop=\"image\" height=\"1500\" width=\"1000\" title=\"guide\" onerror=\"this.style.display='none'\"  \/>\n\t\t\t\t<\/a>\n<h3>\n\t\tEthical review\n\t<\/h3>\n\t<p>If you are going to do research on people, human tissue or sensitive personal data, you may need to apply for ethical review.<\/p>\n<h3>\n\t\tWelcome to Ethix!\n\t<\/h3>\n\t<p>If you are applying for ethical review, log in to the Ethix portal. This is where, as well as applying, you receive notifications, decisions and other messages related to your application.<\/p>\n<p>The application must be made in Swedish. To enter Ethix, just click on the link below.<\/p>\n\t\t\t<a href=\"https:\/\/www.etikprovningsansokan.se\/epm\/login\" target=\"_blank\" rel=\"noopener\">\n\t\t\t\t\t\t\tEthix\n\t\t\t\t\t<\/a>\n<h3>\n\t\tThe application process\n\t<\/h3>\n\t<a href=\"https:\/\/etikprovningsmyndigheten.se\/en\/initial-application\/\">Initial application (Grundans\u00f6kan)<\/a><br \/>\n<a href=\"https:\/\/etikprovningsmyndigheten.se\/en\/amendments\/\">Amendment (\u00c4ndringsans\u00f6kan)<\/a><br \/>\n<a href=\"https:\/\/etikprovningsmyndigheten.se\/en\/fee-for-ethical-review\/\">Fee for ethical review<\/a><br \/>\n<a href=\"https:\/\/etikprovningsmyndigheten.se\/en\/what-the-act-says\/\">What the act says<\/a>\n<h3>\n\t\tSupport template informed conscent form\n\t<\/h3>\n\tRevised 2023-09-20.<br \/>\n<a href=\"https:\/\/etikprovningsmyndigheten.se\/wp-content\/uploads\/2023\/09\/Stodmall-forskningspersonsinformation-Version-2023-09-20-REV-ny-biobankslag.docx\" target=\"_blank\" rel=\"noopener\">St\u00f6dmall forskningspersonsinformation<\/a><br \/>\n<a href=\"https:\/\/etikprovningsmyndigheten.se\/wp-content\/uploads\/2021\/06\/Stodmall-samtyckesblankett-Version-2021-06-01.docx\" target=\"_blank\" rel=\"noopener\">St\u00f6dmall samtyckesblankett<\/a><br \/>\n<a href=\"https:\/\/etikprovningsmyndigheten.se\/wp-content\/uploads\/2021\/06\/Stodmall-samtyckesblankett-framtida-forskning-Version-2021-06-01.docx\">St\u00f6dmall samtyckesblankett framtida forskning p\u00e5 prover<\/a>\n\t\t<h4>Do you have a question?<\/h4>\n\t\t\t<p>The information we provide in English is under development and our FAQ has not yet been translated.You are welcome to either call or write to us with any queries you might have. Our contact information can be found at the bottom of the page and a member of our team will respond to your query.It is worth noting that we can never give any advance notice as to whether you need to apply for ethics review or not. We also cannot provide detailed advice on how you should plan your research project to get your ethics review application approved. Only when the authority has received a fully completed application and after it has been reviewed by our appointed members can you receive a formal decision on your proposed study.<\/p>\t\t\n\t\t<h4>5 tips if you are going to apply for ethics review<\/h4>\n\t\t\t<ol><li>Describe your project in relevant detail so that an outsider can get a clear picture of what the research entails. Use a language that even laymen understand, in Swedish.<\/li><li>Send the invitation to collaborators in the application process to the correct email addresses.<\/li><li>Make sure the right people sign the application. A principal investigator must have a PhD, otherwise a certificate of active supervision from a supervisor or other person with requisite skills is required. An authorized representative of the entity usually has operational responsibility, which must be stated in the application.<\/li><li>Check that the application fee is paid immediately by your finance department and that the correct OCR number is used for payment.<\/li><li>Many of our decisions for request for information concern the content of the informed consent form. Use our template on informed consent form to minimize this. You will find them in the paragraph above.<\/li><\/ol>\t\t\n\t\t\t\t<img decoding=\"async\" src=\"https:\/\/etikprovningsmyndigheten.se\/wp-content\/uploads\/2019\/01\/2_samtida_forskning.png\" alt=\"Etikpr\u00f6vningsmyndigheten, samtida forskning\" itemprop=\"image\" height=\"800\" width=\"1031\" title=\"Etikpr\u00f6vningsmyndigheten, samtida forskning\" onerror=\"this.style.display='none'\"  \/>\n<h2>\n\t\tThis is the Swedish Ethical Review Authority\n\t<\/h2>\n\t<p>Our remit is to protect participants involved in research. We do this by examining applications for ethical review of research on humans, but also of research on biological samples and sensitive personal data.<\/p>\n<p>By reviewing research projects in a correct and effective way, we strengthen confidence in Swedish research. The review is carried out by 450 members and experts in various fields. We are located in six locations in Sweden: G\u00f6teborg, Link\u00f6ping, Lund, Ume\u00e5, Uppsala and Stockholm.<\/p>\n<p><a href=\"https:\/\/etikprovningsmyndigheten.se\/en\/about-the-authority\/\">Read more about the Swedish Ethical Review Authority on this page.<\/a><\/p>\n<h2>\n\t\tWhy in Swedish?\n\t<\/h2>\n\t<p>Why can&#8217;t the application be written in English when the common language in the research society is English?<\/p>\n<p>The Language Act (Swedish Code of Statutes no. 2009:600) stipulates that the language of the courts, administrative authorities and other bodies that perform tasks in the public sector is Swedish. Authorities and other public institutions have a special responsibility for the use of and development of Swedish.<\/p>\n<p>According to the Swedish Ethical Review Authority&#8217;s Provisions and General recommendations an application for ethical review can only be made by filling out the application form that is available in the Ethix Portal. Further, the provisions state that the application form must be filled out in Swedish with a content that a lay person can understand.<\/p>\n<p>Among our department members, appointed to review the applications, there are several who represent public interest and they are not expected to be proficient in English. It is of fundamental importance that every member of the department can fully comprehend the contents of an application and of other enclosed documents and that the research participants truly understand how the research project is to be carried out and how it can affect them.<\/p>\n\t\t\t\t<img decoding=\"async\" src=\"https:\/\/etikprovningsmyndigheten.se\/wp-content\/uploads\/2018\/11\/heart.png\" alt=\"Etikpr\u00f6vningsmyndigheten hj\u00e4rta\" itemprop=\"image\" height=\"800\" width=\"1000\" title=\"Etikpr\u00f6vningsmyndigheten hj\u00e4rta\" onerror=\"this.style.display='none'\"  \/>\n\t\t\t\t<img decoding=\"async\" src=\"https:\/\/etikprovningsmyndigheten.se\/wp-content\/uploads\/2018\/12\/infografik_1-1.png\" alt=\"Infografik\" itemprop=\"image\" height=\"400\" width=\"400\" title=\"Infografik\" onerror=\"this.style.display='none'\"  \/>\n<h2>\n\t\t7953\n\t<\/h2>\n\t<h4>applications all categories included were submitted 2023<\/h4>\n\t\t\t\t<img decoding=\"async\" src=\"https:\/\/etikprovningsmyndigheten.se\/wp-content\/uploads\/2018\/12\/infografik_1-1.png\" alt=\"Infografik\" itemprop=\"image\" height=\"400\" width=\"400\" title=\"infografik_1\" onerror=\"this.style.display='none'\"  \/>\n<h2>\n\t\t3426\n\t<\/h2>\n\t<h4>substantial amendments were submitted 2023<\/h4>\n\t\t\t\t<img decoding=\"async\" src=\"https:\/\/etikprovningsmyndigheten.se\/wp-content\/uploads\/2018\/12\/infografik_3-1.png\" alt=\"Mikroskop\" itemprop=\"image\" height=\"400\" width=\"400\" title=\"Mikroskop\" onerror=\"this.style.display='none'\"  \/>\n<h2>\n\t\t473\n\t<\/h2>\n\t<h4>clinical trials were submitted 2023<\/h4>\n\t\t\t\t<img decoding=\"async\" src=\"https:\/\/etikprovningsmyndigheten.se\/wp-content\/uploads\/2018\/12\/infografik_1-1.png\" alt=\"Infografik\" itemprop=\"image\" height=\"400\" width=\"400\" title=\"infografik_1\" onerror=\"this.style.display='none'\"  \/>\n<h2>\n\t\t1931\n\t<\/h2>\n\t<h4>applications related<br \/>\nto other types of research than medicine were submitted 2023<\/h4>\n\n","protected":false},"excerpt":{"rendered":"<p>Protecting the individual in research Guide to the ethical review of research on humans Do you want to learn more about the ethical review in Sweden? This guide is the first of its kind since the law was established in 2004. It is intended to serve as a support in the planning of research projects&hellip;<\/p>\n","protected":false},"author":11,"featured_media":0,"parent":0,"menu_order":0,"comment_status":"closed","ping_status":"open","template":"","meta":{"_acf_changed":false,"inline_featured_image":false,"footnotes":""},"kategorier":[],"class_list":["post-2197","page","type-page","status-publish","hentry"],"acf":[],"yoast_head":"<!-- This site is optimized with the Yoast SEO plugin v27.4 - https:\/\/yoast.com\/product\/yoast-seo-wordpress\/ -->\n<title>The Swedish Ethical Review Authority. How to apply for ethics review<\/title>\n<meta name=\"description\" content=\"The Swedish Ethical Review Authority protects participants in research. Here you can find information on how to apply for ethics review and why ethics review is needed.\" \/>\n<meta name=\"robots\" content=\"index, follow, max-snippet:-1, max-image-preview:large, max-video-preview:-1\" \/>\n<link rel=\"canonical\" href=\"https:\/\/etikprovningsmyndigheten.se\/en\/\" \/>\n<meta property=\"og:locale\" content=\"en_US\" \/>\n<meta property=\"og:type\" content=\"article\" \/>\n<meta property=\"og:title\" content=\"Etikpr\u00f6vningsmyndigheten\" \/>\n<meta property=\"og:description\" content=\"Vi v\u00e4rnar m\u00e4nniskan i forskning.\" \/>\n<meta property=\"og:url\" content=\"https:\/\/etikprovningsmyndigheten.se\/en\/\" \/>\n<meta property=\"og:site_name\" content=\"Etikpr\u00f6vningsmyndigheten\" \/>\n<meta property=\"article:modified_time\" content=\"2024-09-27T08:04:07+00:00\" \/>\n<meta property=\"og:image\" content=\"https:\/\/etikprovningsmyndigheten.se\/wp-content\/uploads\/2018\/11\/start.png\" \/>\n<meta name=\"twitter:card\" content=\"summary_large_image\" \/>\n<meta name=\"twitter:label1\" content=\"Est. reading time\" \/>\n\t<meta name=\"twitter:data1\" content=\"5 minutes\" \/>\n<script type=\"application\/ld+json\" class=\"yoast-schema-graph\">{\"@context\":\"https:\\\/\\\/schema.org\",\"@graph\":[{\"@type\":\"WebPage\",\"@id\":\"https:\\\/\\\/etikprovningsmyndigheten.se\\\/en\\\/\",\"url\":\"https:\\\/\\\/etikprovningsmyndigheten.se\\\/en\\\/\",\"name\":\"The Swedish Ethical Review Authority. How to apply for ethics review\",\"isPartOf\":{\"@id\":\"https:\\\/\\\/etikprovningsmyndigheten.se\\\/en\\\/#website\"},\"primaryImageOfPage\":{\"@id\":\"https:\\\/\\\/etikprovningsmyndigheten.se\\\/en\\\/#primaryimage\"},\"image\":{\"@id\":\"https:\\\/\\\/etikprovningsmyndigheten.se\\\/en\\\/#primaryimage\"},\"thumbnailUrl\":\"https:\\\/\\\/etikprovningsmyndigheten.se\\\/wp-content\\\/uploads\\\/2018\\\/11\\\/start.png\",\"datePublished\":\"2014-10-15T11:15:32+00:00\",\"dateModified\":\"2024-09-27T08:04:07+00:00\",\"description\":\"The Swedish Ethical Review Authority protects participants in research. Here you can find information on how to apply for ethics review and why ethics review is needed.\",\"breadcrumb\":{\"@id\":\"https:\\\/\\\/etikprovningsmyndigheten.se\\\/en\\\/#breadcrumb\"},\"inLanguage\":\"en-US\",\"potentialAction\":[{\"@type\":\"ReadAction\",\"target\":[\"https:\\\/\\\/etikprovningsmyndigheten.se\\\/en\\\/\"]}]},{\"@type\":\"ImageObject\",\"inLanguage\":\"en-US\",\"@id\":\"https:\\\/\\\/etikprovningsmyndigheten.se\\\/en\\\/#primaryimage\",\"url\":\"https:\\\/\\\/etikprovningsmyndigheten.se\\\/wp-content\\\/uploads\\\/2018\\\/11\\\/start.png\",\"contentUrl\":\"https:\\\/\\\/etikprovningsmyndigheten.se\\\/wp-content\\\/uploads\\\/2018\\\/11\\\/start.png\"},{\"@type\":\"BreadcrumbList\",\"@id\":\"https:\\\/\\\/etikprovningsmyndigheten.se\\\/en\\\/#breadcrumb\",\"itemListElement\":[{\"@type\":\"ListItem\",\"position\":1,\"name\":\"Hem\",\"item\":\"https:\\\/\\\/etikprovningsmyndigheten.se\\\/en\\\/\"},{\"@type\":\"ListItem\",\"position\":2,\"name\":\"Main\"}]},{\"@type\":\"WebSite\",\"@id\":\"https:\\\/\\\/etikprovningsmyndigheten.se\\\/en\\\/#website\",\"url\":\"https:\\\/\\\/etikprovningsmyndigheten.se\\\/en\\\/\",\"name\":\"Etikpr\u00f6vningsmyndigheten\",\"description\":\"\",\"potentialAction\":[{\"@type\":\"SearchAction\",\"target\":{\"@type\":\"EntryPoint\",\"urlTemplate\":\"https:\\\/\\\/etikprovningsmyndigheten.se\\\/en\\\/?s={search_term_string}\"},\"query-input\":{\"@type\":\"PropertyValueSpecification\",\"valueRequired\":true,\"valueName\":\"search_term_string\"}}],\"inLanguage\":\"en-US\"}]}<\/script>\n<!-- \/ Yoast SEO plugin. -->","yoast_head_json":{"title":"The Swedish Ethical Review Authority. How to apply for ethics review","description":"The Swedish Ethical Review Authority protects participants in research. Here you can find information on how to apply for ethics review and why ethics review is needed.","robots":{"index":"index","follow":"follow","max-snippet":"max-snippet:-1","max-image-preview":"max-image-preview:large","max-video-preview":"max-video-preview:-1"},"canonical":"https:\/\/etikprovningsmyndigheten.se\/en\/","og_locale":"en_US","og_type":"article","og_title":"Etikpr\u00f6vningsmyndigheten","og_description":"Vi v\u00e4rnar m\u00e4nniskan i forskning.","og_url":"https:\/\/etikprovningsmyndigheten.se\/en\/","og_site_name":"Etikpr\u00f6vningsmyndigheten","article_modified_time":"2024-09-27T08:04:07+00:00","og_image":[{"url":"https:\/\/etikprovningsmyndigheten.se\/wp-content\/uploads\/2018\/11\/start.png","type":"","width":"","height":""}],"twitter_card":"summary_large_image","twitter_misc":{"Est. reading time":"5 minutes"},"schema":{"@context":"https:\/\/schema.org","@graph":[{"@type":"WebPage","@id":"https:\/\/etikprovningsmyndigheten.se\/en\/","url":"https:\/\/etikprovningsmyndigheten.se\/en\/","name":"The Swedish Ethical Review Authority. How to apply for ethics review","isPartOf":{"@id":"https:\/\/etikprovningsmyndigheten.se\/en\/#website"},"primaryImageOfPage":{"@id":"https:\/\/etikprovningsmyndigheten.se\/en\/#primaryimage"},"image":{"@id":"https:\/\/etikprovningsmyndigheten.se\/en\/#primaryimage"},"thumbnailUrl":"https:\/\/etikprovningsmyndigheten.se\/wp-content\/uploads\/2018\/11\/start.png","datePublished":"2014-10-15T11:15:32+00:00","dateModified":"2024-09-27T08:04:07+00:00","description":"The Swedish Ethical Review Authority protects participants in research. Here you can find information on how to apply for ethics review and why ethics review is needed.","breadcrumb":{"@id":"https:\/\/etikprovningsmyndigheten.se\/en\/#breadcrumb"},"inLanguage":"en-US","potentialAction":[{"@type":"ReadAction","target":["https:\/\/etikprovningsmyndigheten.se\/en\/"]}]},{"@type":"ImageObject","inLanguage":"en-US","@id":"https:\/\/etikprovningsmyndigheten.se\/en\/#primaryimage","url":"https:\/\/etikprovningsmyndigheten.se\/wp-content\/uploads\/2018\/11\/start.png","contentUrl":"https:\/\/etikprovningsmyndigheten.se\/wp-content\/uploads\/2018\/11\/start.png"},{"@type":"BreadcrumbList","@id":"https:\/\/etikprovningsmyndigheten.se\/en\/#breadcrumb","itemListElement":[{"@type":"ListItem","position":1,"name":"Hem","item":"https:\/\/etikprovningsmyndigheten.se\/en\/"},{"@type":"ListItem","position":2,"name":"Main"}]},{"@type":"WebSite","@id":"https:\/\/etikprovningsmyndigheten.se\/en\/#website","url":"https:\/\/etikprovningsmyndigheten.se\/en\/","name":"Etikpr\u00f6vningsmyndigheten","description":"","potentialAction":[{"@type":"SearchAction","target":{"@type":"EntryPoint","urlTemplate":"https:\/\/etikprovningsmyndigheten.se\/en\/?s={search_term_string}"},"query-input":{"@type":"PropertyValueSpecification","valueRequired":true,"valueName":"search_term_string"}}],"inLanguage":"en-US"}]}},"_links":{"self":[{"href":"https:\/\/etikprovningsmyndigheten.se\/en\/wp-json\/wp\/v2\/pages\/2197","targetHints":{"allow":["GET"]}}],"collection":[{"href":"https:\/\/etikprovningsmyndigheten.se\/en\/wp-json\/wp\/v2\/pages"}],"about":[{"href":"https:\/\/etikprovningsmyndigheten.se\/en\/wp-json\/wp\/v2\/types\/page"}],"author":[{"embeddable":true,"href":"https:\/\/etikprovningsmyndigheten.se\/en\/wp-json\/wp\/v2\/users\/11"}],"replies":[{"embeddable":true,"href":"https:\/\/etikprovningsmyndigheten.se\/en\/wp-json\/wp\/v2\/comments?post=2197"}],"version-history":[{"count":30,"href":"https:\/\/etikprovningsmyndigheten.se\/en\/wp-json\/wp\/v2\/pages\/2197\/revisions"}],"predecessor-version":[{"id":3608,"href":"https:\/\/etikprovningsmyndigheten.se\/en\/wp-json\/wp\/v2\/pages\/2197\/revisions\/3608"}],"wp:attachment":[{"href":"https:\/\/etikprovningsmyndigheten.se\/en\/wp-json\/wp\/v2\/media?parent=2197"}],"wp:term":[{"taxonomy":"kategorier","embeddable":true,"href":"https:\/\/etikprovningsmyndigheten.se\/en\/wp-json\/wp\/v2\/kategorier?post=2197"}],"curies":[{"name":"wp","href":"https:\/\/api.w.org\/{rel}","templated":true}]}}